{"id":40,"date":"2025-04-09T23:45:05","date_gmt":"2025-04-10T04:45:05","guid":{"rendered":"https:\/\/primecargopanama.com\/sucursal-los-angeles\/registrate\/"},"modified":"2025-04-19T13:43:11","modified_gmt":"2025-04-19T18:43:11","slug":"registrate","status":"publish","type":"page","link":"https:\/\/primecargopanama.com\/sucursal-los-angeles\/registrate\/","title":{"rendered":"Registrate"},"content":{"rendered":"<style>.elementor-40 .elementor-element.elementor-element-40c88c4{--display:flex;--min-height:30vh;--flex-direction:row;--container-widget-width:calc( ( 1 - var( --container-widget-flex-grow ) ) * 100% );--container-widget-height:100%;--container-widget-flex-grow:1;--container-widget-align-self:stretch;--flex-wrap-mobile:wrap;--justify-content:space-between;--align-items:center;}.elementor-40 .elementor-element.elementor-element-40c88c4:not(.elementor-motion-effects-element-type-background), .elementor-40 .elementor-element.elementor-element-40c88c4 > .elementor-motion-effects-container > .elementor-motion-effects-layer{background-image:url(\"https:\/\/primecargopanama.com\/sucursal-los-angeles\/wp-content\/uploads\/2025\/04\/hero-slider-2-1.jpg\");background-position:center center;background-repeat:no-repeat;background-size:cover;}.elementor-40 .elementor-element.elementor-element-4d0f7e9{text-align:right;}.elementor-40 .elementor-element.elementor-element-4d0f7e9 .elementor-heading-title{color:var( --e-global-color-6b64674 );}.elementor-40 .elementor-element.elementor-element-6fc1609 .elementor-icon-list-items:not(.elementor-inline-items) .elementor-icon-list-item:not(:last-child){padding-block-end:calc(10px\/2);}.elementor-40 .elementor-element.elementor-element-6fc1609 .elementor-icon-list-items:not(.elementor-inline-items) .elementor-icon-list-item:not(:first-child){margin-block-start:calc(10px\/2);}.elementor-40 .elementor-element.elementor-element-6fc1609 .elementor-icon-list-items.elementor-inline-items .elementor-icon-list-item{margin-inline:calc(10px\/2);}.elementor-40 .elementor-element.elementor-element-6fc1609 .elementor-icon-list-items.elementor-inline-items{margin-inline:calc(-10px\/2);}.elementor-40 .elementor-element.elementor-element-6fc1609 .elementor-icon-list-items.elementor-inline-items .elementor-icon-list-item:after{inset-inline-end:calc(-10px\/2);}.elementor-40 .elementor-element.elementor-element-6fc1609 .elementor-icon-list-icon i{color:var( --e-global-color-6b64674 );transition:color 0.3s;}.elementor-40 .elementor-element.elementor-element-6fc1609 .elementor-icon-list-icon svg{fill:var( --e-global-color-6b64674 );transition:fill 0.3s;}.elementor-40 .elementor-element.elementor-element-6fc1609 .elementor-icon-list-icon{padding-inline-end:0px;}.elementor-40 .elementor-element.elementor-element-6fc1609{--icon-vertical-offset:0px;}.elementor-40 .elementor-element.elementor-element-6fc1609 .elementor-icon-list-item > .elementor-icon-list-text, .elementor-40 .elementor-element.elementor-element-6fc1609 .elementor-icon-list-item > a{font-family:var( --e-global-typography-accent-font-family ), Sans-serif;font-size:var( --e-global-typography-accent-font-size );font-weight:var( --e-global-typography-accent-font-weight );text-transform:var( --e-global-typography-accent-text-transform );font-style:var( --e-global-typography-accent-font-style );text-decoration:var( --e-global-typography-accent-text-decoration );}.elementor-40 .elementor-element.elementor-element-6fc1609 .elementor-icon-list-text{color:var( --e-global-color-6b64674 );transition:color 0.3s;}.elementor-40 .elementor-element.elementor-element-a4abad6{--display:flex;--flex-direction:row;--container-widget-width:calc( ( 1 - var( --container-widget-flex-grow ) ) * 100% );--container-widget-height:100%;--container-widget-flex-grow:1;--container-widget-align-self:stretch;--flex-wrap-mobile:wrap;--justify-content:center;--align-items:center;--padding-top:20px;--padding-bottom:20px;--padding-left:15px;--padding-right:15px;}.elementor-40 .elementor-element.elementor-element-a4abad6:not(.elementor-motion-effects-element-type-background), .elementor-40 .elementor-element.elementor-element-a4abad6 > .elementor-motion-effects-container > .elementor-motion-effects-layer{background-color:var( --e-global-color-ee54fa6 );}.elementor-40 .elementor-element.elementor-element-21c1b91 > .elementor-widget-container{margin:0px 0px -7px -15px;}.elementor-40 .elementor-element.elementor-element-21c1b91 .elementor-icon-wrapper{text-align:center;}.elementor-40 .elementor-element.elementor-element-21c1b91.elementor-view-stacked .elementor-icon{background-color:var( --e-global-color-primary );}.elementor-40 .elementor-element.elementor-element-21c1b91.elementor-view-framed .elementor-icon, .elementor-40 .elementor-element.elementor-element-21c1b91.elementor-view-default .elementor-icon{color:var( --e-global-color-primary );border-color:var( --e-global-color-primary );}.elementor-40 .elementor-element.elementor-element-21c1b91.elementor-view-framed .elementor-icon, .elementor-40 .elementor-element.elementor-element-21c1b91.elementor-view-default .elementor-icon svg{fill:var( --e-global-color-primary );}.elementor-40 .elementor-element.elementor-element-21c1b91 .elementor-icon{font-size:20px;}.elementor-40 .elementor-element.elementor-element-21c1b91 .elementor-icon svg{height:20px;}.elementor-40 .elementor-element.elementor-element-f5028a8{--display:flex;--flex-direction:row;--container-widget-width:initial;--container-widget-height:100%;--container-widget-flex-grow:1;--container-widget-align-self:stretch;--flex-wrap-mobile:wrap;--padding-top:1em;--padding-bottom:5em;--padding-left:1em;--padding-right:1em;}.elementor-40 .elementor-element.elementor-element-a0060ec{--display:flex;--flex-direction:column;--container-widget-width:100%;--container-widget-height:initial;--container-widget-flex-grow:0;--container-widget-align-self:initial;--flex-wrap-mobile:wrap;}.elementor-40 .elementor-element.elementor-element-ebd6f71{width:var( --container-widget-width, 80% );max-width:80%;--container-widget-width:80%;--container-widget-flex-grow:0;}.elementor-40 .elementor-element.elementor-element-ebd6f71.elementor-element{--align-self:center;}.elementor-40 .elementor-element.elementor-element-ebd6f71 .elementor-heading-title{-webkit-text-stroke-color:#000;stroke:#000;}.elementor-40 .elementor-element.elementor-element-d05ca0a{width:var( --container-widget-width, 50% );max-width:50%;--container-widget-width:50%;--container-widget-flex-grow:0;}.elementor-40 .elementor-element.elementor-element-d05ca0a.elementor-element{--align-self:center;}@media(min-width:768px){.elementor-40 .elementor-element.elementor-element-a0060ec{--content-width:80%;}}@media(max-width:1024px){.elementor-40 .elementor-element.elementor-element-6fc1609 .elementor-icon-list-item > .elementor-icon-list-text, .elementor-40 .elementor-element.elementor-element-6fc1609 .elementor-icon-list-item > a{font-size:var( --e-global-typography-accent-font-size );}.elementor-40 .elementor-element.elementor-element-d05ca0a{--container-widget-width:100%;--container-widget-flex-grow:0;width:var( --container-widget-width, 100% );max-width:100%;}}@media(max-width:767px){.elementor-40 .elementor-element.elementor-element-40c88c4{--flex-direction:column;--container-widget-width:100%;--container-widget-height:initial;--container-widget-flex-grow:0;--container-widget-align-self:initial;--flex-wrap-mobile:wrap;--justify-content:center;}.elementor-40 .elementor-element.elementor-element-4d0f7e9 .elementor-heading-title{font-size:2em;}.elementor-40 .elementor-element.elementor-element-6fc1609 .elementor-icon-list-item > .elementor-icon-list-text, .elementor-40 .elementor-element.elementor-element-6fc1609 .elementor-icon-list-item > a{font-size:var( --e-global-typography-accent-font-size );}.elementor-40 .elementor-element.elementor-element-a4abad6{--justify-content:flex-start;--align-items:center;--container-widget-width:calc( ( 1 - var( --container-widget-flex-grow ) ) * 100% );}.elementor-40 .elementor-element.elementor-element-21c1b91 > .elementor-widget-container{margin:0px 0px 0px 0px;}.elementor-40 .elementor-element.elementor-element-d05ca0a{--container-widget-width:100%;--container-widget-flex-grow:0;width:var( --container-widget-width, 100% );max-width:100%;}}\/* Start custom CSS for heading, class: .elementor-element-92f5c75 *\/.elementor-40 .elementor-element.elementor-element-92f5c75 span{color:#FF403A; font-weight:700;}\/* End custom CSS *\/\n\/* Start custom CSS for text-editor, class: .elementor-element-d05ca0a *\/.elementor-40 .elementor-element.elementor-element-d05ca0a p{   text-align: center; }\/* End custom CSS *\/<\/style>\t\t<div data-elementor-type=\"wp-page\" data-elementor-id=\"40\" class=\"elementor elementor-40\" data-elementor-post-type=\"page\">\n\t\t\t\t<div class=\"elementor-element elementor-element-40c88c4 e-transform e-flex e-con-boxed e-con e-parent\" data-id=\"40c88c4\" data-element_type=\"container\" data-settings=\"{&quot;background_background&quot;:&quot;classic&quot;,&quot;_transform_skewX_effect&quot;:{&quot;unit&quot;:&quot;px&quot;,&quot;size&quot;:&quot;&quot;,&quot;sizes&quot;:[]},&quot;_transform_skewX_effect_tablet&quot;:{&quot;unit&quot;:&quot;deg&quot;,&quot;size&quot;:&quot;&quot;,&quot;sizes&quot;:[]},&quot;_transform_skewX_effect_mobile&quot;:{&quot;unit&quot;:&quot;deg&quot;,&quot;size&quot;:&quot;&quot;,&quot;sizes&quot;:[]},&quot;_transform_skewY_effect&quot;:{&quot;unit&quot;:&quot;px&quot;,&quot;size&quot;:&quot;&quot;,&quot;sizes&quot;:[]},&quot;_transform_skewY_effect_tablet&quot;:{&quot;unit&quot;:&quot;deg&quot;,&quot;size&quot;:&quot;&quot;,&quot;sizes&quot;:[]},&quot;_transform_skewY_effect_mobile&quot;:{&quot;unit&quot;:&quot;deg&quot;,&quot;size&quot;:&quot;&quot;,&quot;sizes&quot;:[]}}\">\n\t\t\t\t\t<div class=\"e-con-inner\">\n\t\t\t\t<div class=\"elementor-element elementor-element-6fc1609 elementor-icon-list--layout-inline elementor-list-item-link-full_width elementor-widget elementor-widget-icon-list\" data-id=\"6fc1609\" data-element_type=\"widget\" data-widget_type=\"icon-list.default\">\n\t\t\t\t<div class=\"elementor-widget-container\">\n\t\t\t\t\t\t\t<ul class=\"elementor-icon-list-items elementor-inline-items\">\n\t\t\t\t\t\t\t<li class=\"elementor-icon-list-item elementor-inline-item\">\n\t\t\t\t\t\t\t\t\t\t<span class=\"elementor-icon-list-text\">Principal<\/span>\n\t\t\t\t\t\t\t\t\t<\/li>\n\t\t\t\t\t\t\t\t<li class=\"elementor-icon-list-item elementor-inline-item\">\n\t\t\t\t\t\t\t\t\t\t\t<span class=\"elementor-icon-list-icon\">\n\t\t\t\t\t\t\t<i aria-hidden=\"true\" class=\"jki jki-angle-right-solid\"><\/i>\t\t\t\t\t\t<\/span>\n\t\t\t\t\t\t\t\t\t\t<span class=\"elementor-icon-list-text\"><\/span>\n\t\t\t\t\t\t\t\t\t<\/li>\n\t\t\t\t\t\t\t\t<li class=\"elementor-icon-list-item elementor-inline-item\">\n\t\t\t\t\t\t\t\t\t\t<span class=\"elementor-icon-list-text\"><\/span>\n\t\t\t\t\t\t\t\t\t<\/li>\n\t\t\t\t\t\t<\/ul>\n\t\t\t\t\t\t<\/div>\n\t\t\t\t<\/div>\n\t\t\t\t\t<\/div>\n\t\t\t\t<\/div>\n\t\t<div class=\"elementor-element elementor-element-a4abad6 e-flex e-con-boxed e-con e-parent\" data-id=\"a4abad6\" data-element_type=\"container\" data-settings=\"{&quot;background_background&quot;:&quot;classic&quot;}\">\n\t\t\t\t\t<div class=\"e-con-inner\">\n\t\t\t\t<div class=\"elementor-element elementor-element-92f5c75 elementor-widget elementor-widget-heading\" data-id=\"92f5c75\" data-element_type=\"widget\" data-widget_type=\"heading.default\">\n\t\t\t\t<div class=\"elementor-widget-container\">\n\t\t\t\t\t<p class=\"elementor-heading-title elementor-size-default\">Crea tu casillero GRATIS registr\u00e1ndote aqu\u00ed.\nTe enviaremos los detalles a tu correo electr\u00f3nico. Que te diviertas comprando.<\/p>\t\t\t\t<\/div>\n\t\t\t\t<\/div>\n\t\t\t\t<div class=\"elementor-element elementor-element-21c1b91 elementor-view-default elementor-widget elementor-widget-icon\" data-id=\"21c1b91\" data-element_type=\"widget\" data-widget_type=\"icon.default\">\n\t\t\t\t<div class=\"elementor-widget-container\">\n\t\t\t\t\t\t\t<div class=\"elementor-icon-wrapper\">\n\t\t\t<div class=\"elementor-icon\">\n\t\t\t<i aria-hidden=\"true\" class=\"jki jki-arrow-up-right-line\"><\/i>\t\t\t<\/div>\n\t\t<\/div>\n\t\t\t\t\t\t<\/div>\n\t\t\t\t<\/div>\n\t\t\t\t\t<\/div>\n\t\t\t\t<\/div>\n\t\t<div class=\"elementor-element elementor-element-f5028a8 e-flex e-con-boxed e-con e-parent\" data-id=\"f5028a8\" data-element_type=\"container\">\n\t\t\t\t\t<div class=\"e-con-inner\">\n\t\t<div class=\"elementor-element elementor-element-a0060ec e-flex e-con-boxed e-con e-child\" data-id=\"a0060ec\" data-element_type=\"container\">\n\t\t\t\t\t<div class=\"e-con-inner\">\n\t\t\t\t<div class=\"elementor-element elementor-element-ebd6f71 elementor-widget__width-initial elementor-widget elementor-widget-heading\" data-id=\"ebd6f71\" data-element_type=\"widget\" data-widget_type=\"heading.default\">\n\t\t\t\t<div class=\"elementor-widget-container\">\n\t\t\t\t\t<p class=\"elementor-heading-title elementor-size-default\">Con tu casillero internacional tendr\u00e1s una direcci\u00f3n personalizada para recibir tus compras en Estados Unidos y Panam\u00e1. \u00a1Aprovecha ofertas globales, sin l\u00edmites y con la tranquilidad de que nosotros nos encargamos del resto!<\/p>\t\t\t\t<\/div>\n\t\t\t\t<\/div>\n\t\t\t\t<div class=\"elementor-element elementor-element-d05ca0a elementor-widget__width-initial elementor-widget elementor-widget-text-editor\" data-id=\"d05ca0a\" data-element_type=\"widget\" data-widget_type=\"text-editor.default\">\n\t\t\t\t<div class=\"elementor-widget-container\">\n\t\t\t\t\t\t\t\t\t<p>\t<div class='user-registration ur-frontend-form  ur-frontend-form--flat ' id='user-registration-form-86'>\n\t\t\t\t\t\t\t\t<form method='post' class='register' data-form-id=\"86\"\n\t\t\t\tdata-enable-strength-password=\"\" data-minimum-password-strength=\"3\"\n\t\t\t\t\t\t\t\t\t\t\t\t\t\t\t data-captcha-enabled=\"\">\n\n\t\t\t\t<div class=\"ur-form-row\" data-row-id=\"0\">\t\t\t\t\t\t<div class=\"ur-form-grid ur-grid-1\"\n\t\t\t\t\t\t\tstyle=\"width:99%\">\n\t\t\t\t\t\t\t\t\t\t\t\t\t\t<div  data-field-id=\"first_name\" class=\"ur-field-item field-first_name \" data-ref-id=\"first_name\">\n\t\t\t\t\t\t\t\t\t<div class=\"form-row validate-required\" id=\"first_name_field\" data-priority=\"\" ><label for=\"first_name\" class=\"ur-label\">Nombre <abbr class=\"required\" title=\"obligatorio\">*<\/abbr><\/label> <span class=\"input-wrapper\"> <input  data-rules=\"\" data-id=\"first_name\" type=\"text\" class=\"input-text   input-text ur-frontend-field  \" name=\"first_name\" id=\"first_name\" placeholder=\"\"  value=\"\" required=\"required\" data-label=\"Nombre\" \/> <\/span> <\/div>\t\t\t\t\t\t\t\t<\/div>\n\t\t\t\t\t\t\t\t\t\t\t\t\t\t\t\t<div  data-field-id=\"last_name\" class=\"ur-field-item field-last_name \" data-ref-id=\"last_name\">\n\t\t\t\t\t\t\t\t\t<div class=\"form-row validate-required\" id=\"last_name_field\" data-priority=\"\" ><label for=\"last_name\" class=\"ur-label\">Apellido: <abbr class=\"required\" title=\"obligatorio\">*<\/abbr><\/label> <span class=\"input-wrapper\"> <input  data-rules=\"\" data-id=\"last_name\" type=\"text\" class=\"input-text   input-text ur-frontend-field  \" name=\"last_name\" id=\"last_name\" placeholder=\"\"  value=\"\" required=\"required\" data-label=\"Apellido:\" \/> <\/span> <\/div>\t\t\t\t\t\t\t\t<\/div>\n\t\t\t\t\t\t\t\t\t\t\t\t\t\t\t\t<div  data-field-id=\"number_box_1609215331\" class=\"ur-field-item field-number \" data-ref-id=\"number_box_1609215331\">\n\t\t\t\t\t\t\t\t\t<div class=\"form-row validate-required\" id=\"number_box_1609215331_field\" data-priority=\"\" ><label for=\"number_box_1609215331\" class=\"ur-label\">Celular: <abbr class=\"required\" title=\"obligatorio\">*<\/abbr><\/label> <span class=\"input-wrapper\"> <input  data-rules=\"\" data-id=\"number_box_1609215331\" type=\"number\" class=\"input-text   input-number ur-frontend-field  \" name=\"number_box_1609215331\" id=\"number_box_1609215331\" placeholder=\"\"  value=\"\" required=\"required\" data-label=\"Celular:\" step=\"1\" \/> <\/span> <\/div>\t\t\t\t\t\t\t\t<\/div>\n\t\t\t\t\t\t\t\t\t\t\t\t\t\t\t\t<div  data-field-id=\"user_email\" class=\"ur-field-item field-user_email \" data-ref-id=\"user_email\">\n\t\t\t\t\t\t\t\t\t<div class=\"form-row validate-required\" id=\"user_email_field\" data-priority=\"\" ><label for=\"user_email\" class=\"ur-label\">Correo electronico: <abbr class=\"required\" title=\"obligatorio\">*<\/abbr><\/label> <span class=\"input-wrapper\"> <input  data-rules=\"\" data-id=\"user_email\" type=\"email\" class=\"input-text   input-email ur-frontend-field  \" name=\"user_email\" id=\"user_email\" placeholder=\"\"  value=\"\" required=\"required\" data-label=\"Correo electronico:\" \/> <\/span> <\/div>\t\t\t\t\t\t\t\t<\/div>\n\t\t\t\t\t\t\t\t\t\t\t\t\t\t\t\t<div  data-field-id=\"user_confirm_email\" class=\"ur-field-item field-user_confirm_email \" data-ref-id=\"user_confirm_email\">\n\t\t\t\t\t\t\t\t\t<div class=\"form-row validate-required\" id=\"user_confirm_email_field\" data-priority=\"\" ><label for=\"user_confirm_email\" class=\"ur-label\">Confirmar correo electronico: <abbr class=\"required\" title=\"obligatorio\">*<\/abbr><\/label> <span class=\"input-wrapper\"> <input  data-rules=\"\" data-id=\"user_confirm_email\" type=\"email\" class=\"input-text   input-email ur-frontend-field  \" name=\"user_confirm_email\" id=\"user_confirm_email\" placeholder=\"\"  value=\"\" required=\"required\" data-label=\"Confirmar correo electronico:\" \/> <\/span> <\/div>\t\t\t\t\t\t\t\t<\/div>\n\t\t\t\t\t\t\t\t\t\t\t\t\t\t\t\t<div  data-field-id=\"user_pass\" class=\"ur-field-item field-user_pass \" data-ref-id=\"user_pass\">\n\t\t\t\t\t\t\t\t\t<div class=\"form-row validate-required hide_show_password\" id=\"user_pass_field\" data-priority=\"\"><label for=\"user_pass\" class=\"ur-label\">Contrase\u00f1a: <abbr class=\"required\" title=\"obligatorio\">*<\/abbr><\/label> <span class=\"input-wrapper\"> <span class=\"password-input-group input-form-field-icons\"><input data-rules=\"\" data-id=\"user_pass\" type=\"password\" class=\"input-text  input-password ur-frontend-field  \" name=\"user_pass\" id=\"user_pass\" placeholder=\"\"  value=\"\" required=\"required\" data-label=\"Contrase\u00f1a:\" \/><\/span> <\/span> <\/div>\t\t\t\t\t\t\t\t<\/div>\n\t\t\t\t\t\t\t\t\t\t\t\t\t\t<\/div>\n\t\t\t\t\t\t\t\t\t\t\t<\/div>\n\t\t\t\t\t\t\t\t\t\t\t\t\t\t\t\t\t<div class=\"ur-button-container \" >\n\t\t\t\t\t\t\t\t\t\t\t\t\t\t<button type=\"submit\" class=\"btn button ur-submit-button \"  conditional_rules=\"&quot;&quot;\">\n\t\t\t\t\t\t\t\t<span><\/span>\n\t\t\t\t\t\t\t\tAbrir casillero gratis\t\t\t\t\t\t\t<\/button>\n\t\t\t\t\t\t\t\t\t\t\t\t\t\t\t\t\t\t\t\t<\/div>\n\t\t\t\t\t\t\n\t\t\t\t<div style=\"clear:both\"><\/div>\n\t\t\t\t\t\t\t\t<input type=\"hidden\" name=\"ur-registration-language\" value=\"es\"\/>\n\t\t\t\t<input type=\"hidden\" name=\"ur-user-form-id\" value=\"86\"\/>\n\t\t\t\t<input type=\"hidden\" name=\"ur-redirect-url\" value=\"https:\/\/primecargopanama.com\/sucursal-los-angeles\/bienvenido\/\"\/>\n\t\t\t\t<input type=\"hidden\" id=\"ur_frontend_form_nonce\" name=\"ur_frontend_form_nonce\" value=\"c55d7d923a\" \/>\n\t\t\t\t\t\t\t<\/form>\n\t\t\t\n\t\t<div style=\"clear:both\"><\/div>\n\t<\/div>\n<\/p>\t\t\t\t\t\t\t\t<\/div>\n\t\t\t\t<\/div>\n\t\t\t\t\t<\/div>\n\t\t\t\t<\/div>\n\t\t\t\t\t<\/div>\n\t\t\t\t<\/div>\n\t\t\t\t<\/div>\n\t\t","protected":false},"excerpt":{"rendered":"<p>Principal Crea tu casillero GRATIS registr\u00e1ndote aqu\u00ed. Te enviaremos los detalles a tu correo electr\u00f3nico. Que te diviertas comprando. Con tu casillero internacional tendr\u00e1s una direcci\u00f3n personalizada para recibir tus compras en Estados Unidos y Panam\u00e1. \u00a1Aprovecha ofertas globales, sin l\u00edmites y con la tranquilidad de que nosotros nos encargamos del resto!<\/p>\n","protected":false},"author":1,"featured_media":0,"parent":0,"menu_order":1,"comment_status":"closed","ping_status":"closed","template":"elementor_header_footer","meta":{"footnotes":""},"class_list":["post-40","page","type-page","status-publish","hentry"],"_links":{"self":[{"href":"https:\/\/primecargopanama.com\/sucursal-los-angeles\/wp-json\/wp\/v2\/pages\/40","targetHints":{"allow":["GET"]}}],"collection":[{"href":"https:\/\/primecargopanama.com\/sucursal-los-angeles\/wp-json\/wp\/v2\/pages"}],"about":[{"href":"https:\/\/primecargopanama.com\/sucursal-los-angeles\/wp-json\/wp\/v2\/types\/page"}],"author":[{"embeddable":true,"href":"https:\/\/primecargopanama.com\/sucursal-los-angeles\/wp-json\/wp\/v2\/users\/1"}],"replies":[{"embeddable":true,"href":"https:\/\/primecargopanama.com\/sucursal-los-angeles\/wp-json\/wp\/v2\/comments?post=40"}],"version-history":[{"count":37,"href":"https:\/\/primecargopanama.com\/sucursal-los-angeles\/wp-json\/wp\/v2\/pages\/40\/revisions"}],"predecessor-version":[{"id":44302,"href":"https:\/\/primecargopanama.com\/sucursal-los-angeles\/wp-json\/wp\/v2\/pages\/40\/revisions\/44302"}],"wp:attachment":[{"href":"https:\/\/primecargopanama.com\/sucursal-los-angeles\/wp-json\/wp\/v2\/media?parent=40"}],"curies":[{"name":"wp","href":"https:\/\/api.w.org\/{rel}","templated":true}]}}